{"id":6925,"date":"2024-05-08T09:49:32","date_gmt":"2024-05-08T08:49:32","guid":{"rendered":"https:\/\/unicompex.com\/product\/10000-45433-pompe-a-eau-water-pump\/"},"modified":"2024-05-31T12:38:03","modified_gmt":"2024-05-31T11:38:03","slug":"10000-45433-pompe-a-eau-water-pump","status":"publish","type":"product","link":"https:\/\/unicompex.com\/es\/product\/10000-45433-pompe-a-eau-water-pump\/","title":{"rendered":"10000-45433 Pompe \u00e0 Eau\/Bomba de agua"},"content":{"rendered":"<p>10000-45433 Pompe \u00e0 Eau\/Water Pump.<\/p>\n<p>Descargo de responsabilidad : La imagen es s\u00f3lo para fines ilustrativos (n\u00famero de pieza puede cambiar).<\/p>\n<p>P\u00f3ngase en contacto con nosotros con las referencias de su n\u00famero de serie de FG Wilson para obtener m\u00e1s detalles.<\/p>\n<p>Advertencia: La imagen es meramente ilustrativa (el n\u00famero de pieza puede cambiar).<\/p>\n<p>P\u00f3ngase en contacto con nosotros con su n\u00famero de serie Wilson FG para obtener m\u00e1s detalles.<\/p>","protected":false},"excerpt":{"rendered":"<p>10000-45433 Pompe \u00e0 Eau\/Water Pump. Disclaimer : Image is for illustration purposes only (part number can change). Contact us with your FG Wilson serial number references for more details. Avertissement : L&rsquo;image est uniquement \u00e0 des fins d&rsquo;illustration (le num\u00e9ro de pi\u00e8ce peut changer). Contactez-nous avec vos r\u00e9f\u00e9rences de num\u00e9ro de s\u00e9rie FG Wilson pour plus de d\u00e9tails.<\/p>","protected":false},"featured_media":7184,"template":"","meta":{"_coblocks_attr":"","_coblocks_dimensions":"","_coblocks_responsive_height":"","_coblocks_accordion_ie_support":"","_crdt_document":"","advanced_seo_description":"","jetpack_seo_html_title":"","jetpack_seo_noindex":false,"jetpack_post_was_ever_published":false,"jetpack_publicize_message":"","jetpack_publicize_feature_enabled":true,"jetpack_social_post_already_shared":true,"jetpack_social_options":{"image_generator_settings":{"template":"highway","default_image_id":0,"font":"","enabled":false},"version":2},"_wpas_customize_per_network":false},"product_brand":[],"product_cat":[707665696],"product_tag":[707665660,707665666,707665658,707665664,707665663,707665667,707663927,707665668,707665669,707663943,707665659,707665662,707665661],"class_list":{"0":"post-6925","1":"product","2":"type-product","3":"status-publish","4":"has-post-thumbnail","6":"product_cat-water-pumps-pompes-a-eau","7":"product_tag-fg","8":"product_tag-fg-wilson-spare-parts","9":"product_tag-genset","10":"product_tag-genuine","11":"product_tag-original","12":"product_tag-p22","13":"product_tag-p33","14":"product_tag-p50","15":"product_tag-p65","16":"product_tag-perkins","17":"product_tag-spares","18":"product_tag-unicompex","19":"product_tag-wilson","21":"first","22":"instock","23":"virtual","24":"taxable","25":"purchasable","26":"product-type-simple"},"jetpack_publicize_connections":[],"jetpack_likes_enabled":true,"jetpack_sharing_enabled":true,"jetpack-related-posts":[{"id":6935,"url":"https:\/\/unicompex.com\/es\/product\/10000-74356-pompe-a-eau-water-pump\/","url_meta":{"origin":6925,"position":0},"title":"10000-74356 Pompe \u00e0 Eau\/Water Pump","author":"K Emilio Noorani","date":"08\/05\/2024","format":false,"excerpt":"10000-74356 Pompe \u00e0 Eau\/Water Pump Disclaimer : Image is for illustration purposes only (part number can change). Contact us with your FG Wilson serial number references for more details. Avertissement : L'image est uniquement \u00e0 des fins d'illustration (le num\u00e9ro de pi\u00e8ce peut changer). Contactez-nous avec vos r\u00e9f\u00e9rences de num\u00e9ro\u2026","rel":"","context":"Entrada similar","block_context":{"text":"Entrada similar","link":""},"img":{"alt_text":"","src":"https:\/\/i0.wp.com\/unicompex.com\/wp-content\/uploads\/2024\/05\/10000-74356-Water-Pump-Pompe-a-eau-TRANSP.png?fit=1200%2C1200&ssl=1&resize=350%2C200","width":350,"height":200,"srcset":"https:\/\/i0.wp.com\/unicompex.com\/wp-content\/uploads\/2024\/05\/10000-74356-Water-Pump-Pompe-a-eau-TRANSP.png?fit=1200%2C1200&ssl=1&resize=350%2C200 1x, https:\/\/i0.wp.com\/unicompex.com\/wp-content\/uploads\/2024\/05\/10000-74356-Water-Pump-Pompe-a-eau-TRANSP.png?fit=1200%2C1200&ssl=1&resize=525%2C300 1.5x, https:\/\/i0.wp.com\/unicompex.com\/wp-content\/uploads\/2024\/05\/10000-74356-Water-Pump-Pompe-a-eau-TRANSP.png?fit=1200%2C1200&ssl=1&resize=700%2C400 2x, https:\/\/i0.wp.com\/unicompex.com\/wp-content\/uploads\/2024\/05\/10000-74356-Water-Pump-Pompe-a-eau-TRANSP.png?fit=1200%2C1200&ssl=1&resize=1050%2C600 3x"},"classes":[]},{"id":6909,"url":"https:\/\/unicompex.com\/es\/product\/10000-00087-pompe-dinjection-injection-pump\/","url_meta":{"origin":6925,"position":1},"title":"10000-00087 Pompe d'injection\/Bomba de inyecci\u00f3n","author":"K Emilio Noorani","date":"08\/05\/2024","format":false,"excerpt":"10000-00087 Pompe d'injection\/Injection pump Disclaimer : Image is for illustration purposes only (part number can change). Contact us with your FG Wilson serial number references for more details. Avertissement : L'image est uniquement \u00e0 des fins d'illustration (le num\u00e9ro de pi\u00e8ce peut changer). Contactez-nous avec vos r\u00e9f\u00e9rences de num\u00e9ro de\u2026","rel":"","context":"Entrada similar","block_context":{"text":"Entrada similar","link":""},"img":{"alt_text":"","src":"https:\/\/i0.wp.com\/unicompex.com\/wp-content\/uploads\/2024\/05\/10000-00087-INJECTION-PUMP-TRANSP.png?fit=1200%2C1200&ssl=1&resize=350%2C200","width":350,"height":200,"srcset":"https:\/\/i0.wp.com\/unicompex.com\/wp-content\/uploads\/2024\/05\/10000-00087-INJECTION-PUMP-TRANSP.png?fit=1200%2C1200&ssl=1&resize=350%2C200 1x, https:\/\/i0.wp.com\/unicompex.com\/wp-content\/uploads\/2024\/05\/10000-00087-INJECTION-PUMP-TRANSP.png?fit=1200%2C1200&ssl=1&resize=525%2C300 1.5x, https:\/\/i0.wp.com\/unicompex.com\/wp-content\/uploads\/2024\/05\/10000-00087-INJECTION-PUMP-TRANSP.png?fit=1200%2C1200&ssl=1&resize=700%2C400 2x, https:\/\/i0.wp.com\/unicompex.com\/wp-content\/uploads\/2024\/05\/10000-00087-INJECTION-PUMP-TRANSP.png?fit=1200%2C1200&ssl=1&resize=1050%2C600 3x"},"classes":[]},{"id":6917,"url":"https:\/\/unicompex.com\/es\/product\/10000-06101-pompe-dinjection-injection-pump\/","url_meta":{"origin":6925,"position":2},"title":"10000-06101 Pompe d'injection\/Bomba de inyecci\u00f3n","author":"K Emilio Noorani","date":"08\/05\/2024","format":false,"excerpt":"10000-06101 Pompe d'injection\/Injection pump Disclaimer : Image is for illustration purposes only (part number can change). Contact us with your FG Wilson serial number references for more details. Avertissement : L'image est uniquement \u00e0 des fins d'illustration (le num\u00e9ro de pi\u00e8ce peut changer). Contactez-nous avec vos r\u00e9f\u00e9rences de num\u00e9ro de\u2026","rel":"","context":"Entrada similar","block_context":{"text":"Entrada similar","link":""},"img":{"alt_text":"","src":"https:\/\/i0.wp.com\/unicompex.com\/wp-content\/uploads\/2024\/05\/10000-06101-Injection-pump-Pompe-dinjection-TRANSP.png?fit=1200%2C1200&ssl=1&resize=350%2C200","width":350,"height":200,"srcset":"https:\/\/i0.wp.com\/unicompex.com\/wp-content\/uploads\/2024\/05\/10000-06101-Injection-pump-Pompe-dinjection-TRANSP.png?fit=1200%2C1200&ssl=1&resize=350%2C200 1x, https:\/\/i0.wp.com\/unicompex.com\/wp-content\/uploads\/2024\/05\/10000-06101-Injection-pump-Pompe-dinjection-TRANSP.png?fit=1200%2C1200&ssl=1&resize=525%2C300 1.5x, https:\/\/i0.wp.com\/unicompex.com\/wp-content\/uploads\/2024\/05\/10000-06101-Injection-pump-Pompe-dinjection-TRANSP.png?fit=1200%2C1200&ssl=1&resize=700%2C400 2x, https:\/\/i0.wp.com\/unicompex.com\/wp-content\/uploads\/2024\/05\/10000-06101-Injection-pump-Pompe-dinjection-TRANSP.png?fit=1200%2C1200&ssl=1&resize=1050%2C600 3x"},"classes":[]},{"id":6918,"url":"https:\/\/unicompex.com\/es\/product\/10000-07612-pompe-mecanique-mechanical-pump\/","url_meta":{"origin":6925,"position":3},"title":"10000-07612 Pompe m\u00e9canique\/Bomba mec\u00e1nica","author":"K Emilio Noorani","date":"08\/05\/2024","format":false,"excerpt":"10000-07612 Pompe m\u00e9canique\/Mechanical pump. Disclaimer : Image is for illustration purposes only (part number can change). Contact us with your FG Wilson serial number references for more details. Avertissement : L'image est uniquement \u00e0 des fins d'illustration (le num\u00e9ro de pi\u00e8ce peut changer). Contactez-nous avec vos r\u00e9f\u00e9rences de num\u00e9ro de\u2026","rel":"","context":"Entrada similar","block_context":{"text":"Entrada similar","link":""},"img":{"alt_text":"","src":"https:\/\/i0.wp.com\/unicompex.com\/wp-content\/uploads\/2024\/05\/10000-07612-PRIME-PUMP-TRANSP.png?fit=1200%2C1200&ssl=1&resize=350%2C200","width":350,"height":200,"srcset":"https:\/\/i0.wp.com\/unicompex.com\/wp-content\/uploads\/2024\/05\/10000-07612-PRIME-PUMP-TRANSP.png?fit=1200%2C1200&ssl=1&resize=350%2C200 1x, https:\/\/i0.wp.com\/unicompex.com\/wp-content\/uploads\/2024\/05\/10000-07612-PRIME-PUMP-TRANSP.png?fit=1200%2C1200&ssl=1&resize=525%2C300 1.5x, https:\/\/i0.wp.com\/unicompex.com\/wp-content\/uploads\/2024\/05\/10000-07612-PRIME-PUMP-TRANSP.png?fit=1200%2C1200&ssl=1&resize=700%2C400 2x, https:\/\/i0.wp.com\/unicompex.com\/wp-content\/uploads\/2024\/05\/10000-07612-PRIME-PUMP-TRANSP.png?fit=1200%2C1200&ssl=1&resize=1050%2C600 3x"},"classes":[]},{"id":6923,"url":"https:\/\/unicompex.com\/es\/product\/10000-27041-pompe-electrique-electric-pump\/","url_meta":{"origin":6925,"position":4},"title":"10000-27041 Pompe electrique\/Electric pump","author":"K Emilio Noorani","date":"08\/05\/2024","format":false,"excerpt":"10000-27041 Pompe electrique\/Electric pump Disclaimer : Image is for illustration purposes only (part number can change). Contact us with your FG Wilson serial number references for more details. Avertissement : L'image est uniquement \u00e0 des fins d'illustration (le num\u00e9ro de pi\u00e8ce peut changer). Contactez-nous avec vos r\u00e9f\u00e9rences de num\u00e9ro de\u2026","rel":"","context":"Entrada similar","block_context":{"text":"Entrada similar","link":""},"img":{"alt_text":"","src":"https:\/\/i0.wp.com\/unicompex.com\/wp-content\/uploads\/2024\/05\/10000-27041-Electric-pump.png?fit=626%2C584&ssl=1&resize=350%2C200","width":350,"height":200,"srcset":"https:\/\/i0.wp.com\/unicompex.com\/wp-content\/uploads\/2024\/05\/10000-27041-Electric-pump.png?fit=626%2C584&ssl=1&resize=350%2C200 1x, https:\/\/i0.wp.com\/unicompex.com\/wp-content\/uploads\/2024\/05\/10000-27041-Electric-pump.png?fit=626%2C584&ssl=1&resize=525%2C300 1.5x"},"classes":[]},{"id":6910,"url":"https:\/\/unicompex.com\/es\/product\/10000-00100-pompe-a-huile-oil-pump\/","url_meta":{"origin":6925,"position":5},"title":"10000-00100 Pompe \u00e0 huile\/Bomba de aceite","author":"K Emilio Noorani","date":"08\/05\/2024","format":false,"excerpt":"10000-00100 Pompe \u00e0 huile\/Oil pump Disclaimer : Image is for illustration purposes only (part number can change). Contact us with your FG Wilson serial number references for more details. Avertissement : L'image est uniquement \u00e0 des fins d'illustration (le num\u00e9ro de pi\u00e8ce peut changer). Contactez-nous avec vos r\u00e9f\u00e9rences de num\u00e9ro\u2026","rel":"","context":"Entrada similar","block_context":{"text":"Entrada similar","link":""},"img":{"alt_text":"","src":"https:\/\/i0.wp.com\/unicompex.com\/wp-content\/uploads\/2024\/05\/Oil-pump-FG-Wilson-1.jpg?fit=974%2C1192&ssl=1&resize=350%2C200","width":350,"height":200,"srcset":"https:\/\/i0.wp.com\/unicompex.com\/wp-content\/uploads\/2024\/05\/Oil-pump-FG-Wilson-1.jpg?fit=974%2C1192&ssl=1&resize=350%2C200 1x, https:\/\/i0.wp.com\/unicompex.com\/wp-content\/uploads\/2024\/05\/Oil-pump-FG-Wilson-1.jpg?fit=974%2C1192&ssl=1&resize=525%2C300 1.5x, https:\/\/i0.wp.com\/unicompex.com\/wp-content\/uploads\/2024\/05\/Oil-pump-FG-Wilson-1.jpg?fit=974%2C1192&ssl=1&resize=700%2C400 2x"},"classes":[]}],"_links":{"self":[{"href":"https:\/\/unicompex.com\/es\/wp-json\/wp\/v2\/product\/6925","targetHints":{"allow":["GET"]}}],"collection":[{"href":"https:\/\/unicompex.com\/es\/wp-json\/wp\/v2\/product"}],"about":[{"href":"https:\/\/unicompex.com\/es\/wp-json\/wp\/v2\/types\/product"}],"wp:featuredmedia":[{"embeddable":true,"href":"https:\/\/unicompex.com\/es\/wp-json\/wp\/v2\/media\/7184"}],"wp:attachment":[{"href":"https:\/\/unicompex.com\/es\/wp-json\/wp\/v2\/media?parent=6925"}],"wp:term":[{"taxonomy":"product_brand","embeddable":true,"href":"https:\/\/unicompex.com\/es\/wp-json\/wp\/v2\/product_brand?post=6925"},{"taxonomy":"product_cat","embeddable":true,"href":"https:\/\/unicompex.com\/es\/wp-json\/wp\/v2\/product_cat?post=6925"},{"taxonomy":"product_tag","embeddable":true,"href":"https:\/\/unicompex.com\/es\/wp-json\/wp\/v2\/product_tag?post=6925"}],"curies":[{"name":"wp","href":"https:\/\/api.w.org\/{rel}","templated":true}]}}