{"id":6911,"date":"2024-05-08T09:49:30","date_gmt":"2024-05-08T08:49:30","guid":{"rendered":"https:\/\/unicompex.com\/product\/10000-00103-jeux-de-segment-piston-rings-kit\/"},"modified":"2024-05-31T12:39:15","modified_gmt":"2024-05-31T11:39:15","slug":"10000-00103-jeux-de-segment-piston-rings-kit","status":"publish","type":"product","link":"https:\/\/unicompex.com\/en\/product\/10000-00103-jeux-de-segment-piston-rings-kit\/","title":{"rendered":"10000-00103 Jeux de ring\/ Piston rings kit"},"content":{"rendered":"<p>10000-00103 Jeux de ring\/ Piston rings kit<\/p>\n<p>Disclaimer : Image is for illustration purposes only (part number can change).<\/p>\n<p>Contact us with your FG Wilson serial number references for more details.<\/p>\n<p>Warning: Image is for illustration purposes only (part number may change).<\/p>\n<p>Contact us with your Wilson FG serial number for more details.<\/p>","protected":false},"excerpt":{"rendered":"<p>10000-00103 Jeux de segment\/ Piston rings kit Disclaimer : Image is for illustration purposes only (part number can change). Contact us with your FG Wilson serial number references for more details. Avertissement : L&rsquo;image est uniquement \u00e0 des fins d&rsquo;illustration (le num\u00e9ro de pi\u00e8ce peut changer). Contactez-nous avec vos r\u00e9f\u00e9rences de num\u00e9ro de s\u00e9rie FG Wilson pour plus de d\u00e9tails.<\/p>","protected":false},"featured_media":7193,"template":"","meta":{"_coblocks_attr":"","_coblocks_dimensions":"","_coblocks_responsive_height":"","_coblocks_accordion_ie_support":"","_crdt_document":"","advanced_seo_description":"","jetpack_seo_html_title":"","jetpack_seo_noindex":false,"jetpack_post_was_ever_published":false,"jetpack_publicize_message":"","jetpack_publicize_feature_enabled":true,"jetpack_social_post_already_shared":true,"jetpack_social_options":{"image_generator_settings":{"template":"highway","default_image_id":0,"font":"","enabled":false},"version":2},"_wpas_customize_per_network":false},"product_brand":[],"product_cat":[707665811],"product_tag":[707665660,707665666,707665658,707665664,707665663,707665667,707663927,707665668,707665669,707663943,707665659,707665662,707665661],"class_list":{"0":"post-6911","1":"product","2":"type-product","3":"status-publish","4":"has-post-thumbnail","6":"product_cat-piston-rings-segments","7":"product_tag-fg","8":"product_tag-fg-wilson-spare-parts","9":"product_tag-genset","10":"product_tag-genuine","11":"product_tag-original","12":"product_tag-p22","13":"product_tag-p33","14":"product_tag-p50","15":"product_tag-p65","16":"product_tag-perkins","17":"product_tag-spares","18":"product_tag-unicompex","19":"product_tag-wilson","21":"first","22":"instock","23":"virtual","24":"taxable","25":"purchasable","26":"product-type-simple"},"jetpack_publicize_connections":[],"jetpack_likes_enabled":true,"jetpack_sharing_enabled":true,"jetpack-related-posts":[{"id":6939,"url":"https:\/\/unicompex.com\/en\/product\/10000-93634-kit-de-coussinet-de-palier-bearing-shell-kit\/","url_meta":{"origin":6911,"position":0},"title":"10000-93634 Kit de Coussinet de Palier\/Bearing Shell Kit","author":"K Emilio Noorani","date":"08\/05\/2024","format":false,"excerpt":"10000-93634 Kit de Coussinet de Palier\/Bearing Shell Kit. Disclaimer : Image is for illustration purposes only (part number can change). Contact us with your FG Wilson serial number references for more details. Avertissement : L'image est uniquement \u00e0 des fins d'illustration (le num\u00e9ro de pi\u00e8ce peut changer). Contactez-nous avec vos\u2026","rel":"","context":"Similar post","block_context":{"text":"Similar post","link":""},"img":{"alt_text":"","src":"https:\/\/i0.wp.com\/unicompex.com\/wp-content\/uploads\/2024\/05\/20000-20685-BIG-END-BEARING-KIT.png?fit=1080%2C1080&ssl=1&resize=350%2C200","width":350,"height":200,"srcset":"https:\/\/i0.wp.com\/unicompex.com\/wp-content\/uploads\/2024\/05\/20000-20685-BIG-END-BEARING-KIT.png?fit=1080%2C1080&ssl=1&resize=350%2C200 1x, https:\/\/i0.wp.com\/unicompex.com\/wp-content\/uploads\/2024\/05\/20000-20685-BIG-END-BEARING-KIT.png?fit=1080%2C1080&ssl=1&resize=525%2C300 1.5x, https:\/\/i0.wp.com\/unicompex.com\/wp-content\/uploads\/2024\/05\/20000-20685-BIG-END-BEARING-KIT.png?fit=1080%2C1080&ssl=1&resize=700%2C400 2x, https:\/\/i0.wp.com\/unicompex.com\/wp-content\/uploads\/2024\/05\/20000-20685-BIG-END-BEARING-KIT.png?fit=1080%2C1080&ssl=1&resize=1050%2C600 3x"},"classes":[]},{"id":6926,"url":"https:\/\/unicompex.com\/en\/product\/10000-45434-kit-de-coussinet-de-bielle-connecting-rod-bearing-kit\/","url_meta":{"origin":6911,"position":1},"title":"10000-45434 Connecting Rod Bearing Kit","author":"K Emilio Noorani","date":"08\/05\/2024","format":false,"excerpt":"10000-45434 Kit de Coussinet de Bielle\/Connecting Rod Bearing Kit. Disclaimer : Image is for illustration purposes only (part number can change). Contact us with your FG Wilson serial number references for more details. Avertissement : L'image est uniquement \u00e0 des fins d'illustration (le num\u00e9ro de pi\u00e8ce peut changer). Contactez-nous avec\u2026","rel":"","context":"Similar post","block_context":{"text":"Similar post","link":""},"img":{"alt_text":"","src":"https:\/\/i0.wp.com\/unicompex.com\/wp-content\/uploads\/2024\/05\/20000-20685-BIG-END-BEARING-KIT.png?fit=1080%2C1080&ssl=1&resize=350%2C200","width":350,"height":200,"srcset":"https:\/\/i0.wp.com\/unicompex.com\/wp-content\/uploads\/2024\/05\/20000-20685-BIG-END-BEARING-KIT.png?fit=1080%2C1080&ssl=1&resize=350%2C200 1x, https:\/\/i0.wp.com\/unicompex.com\/wp-content\/uploads\/2024\/05\/20000-20685-BIG-END-BEARING-KIT.png?fit=1080%2C1080&ssl=1&resize=525%2C300 1.5x, https:\/\/i0.wp.com\/unicompex.com\/wp-content\/uploads\/2024\/05\/20000-20685-BIG-END-BEARING-KIT.png?fit=1080%2C1080&ssl=1&resize=700%2C400 2x, https:\/\/i0.wp.com\/unicompex.com\/wp-content\/uploads\/2024\/05\/20000-20685-BIG-END-BEARING-KIT.png?fit=1080%2C1080&ssl=1&resize=1050%2C600 3x"},"classes":[]},{"id":6907,"url":"https:\/\/unicompex.com\/en\/product\/10000-00058-pochette-de-joint-bas-bottom-seal-gasket-kit\/","url_meta":{"origin":6911,"position":2},"title":"10000-00058 Pochette de joint Bas\/Bottom seal gasket kit","author":"K Emilio Noorani","date":"08\/05\/2024","format":false,"excerpt":"10000-00058 Pochette de joint Bas\/Bottom seal gasket kit Disclaimer : Image is for illustration purposes only (part number can change). Contact us with your FG Wilson serial number references for more details. Avertissement : L'image est uniquement \u00e0 des fins d'illustration (le num\u00e9ro de pi\u00e8ce peut changer). Contactez-nous avec vos\u2026","rel":"","context":"Similar post","block_context":{"text":"Similar post","link":""},"img":{"alt_text":"","src":"https:\/\/i0.wp.com\/unicompex.com\/wp-content\/uploads\/2024\/05\/Screenshot-2024-05-31-at-10.32.30-1.png?fit=700%2C566&ssl=1&resize=350%2C200","width":350,"height":200,"srcset":"https:\/\/i0.wp.com\/unicompex.com\/wp-content\/uploads\/2024\/05\/Screenshot-2024-05-31-at-10.32.30-1.png?fit=700%2C566&ssl=1&resize=350%2C200 1x, https:\/\/i0.wp.com\/unicompex.com\/wp-content\/uploads\/2024\/05\/Screenshot-2024-05-31-at-10.32.30-1.png?fit=700%2C566&ssl=1&resize=525%2C300 1.5x, https:\/\/i0.wp.com\/unicompex.com\/wp-content\/uploads\/2024\/05\/Screenshot-2024-05-31-at-10.32.30-1.png?fit=700%2C566&ssl=1&resize=700%2C400 2x"},"classes":[]},{"id":6905,"url":"https:\/\/unicompex.com\/en\/product\/10000-00051-injecteurs-injectors\/","url_meta":{"origin":6911,"position":3},"title":"10000-00051 Injecteurs\/Injectors","author":"K Emilio Noorani","date":"08\/05\/2024","format":false,"excerpt":"10000-00051 Injecteurs\/Injectors Disclaimer : Image is for illustration purposes only (part number can change). Contact us with your FG Wilson serial number references for more details. Avertissement : L'image est uniquement \u00e0 des fins d'illustration (le num\u00e9ro de pi\u00e8ce peut changer). Contactez-nous avec vos r\u00e9f\u00e9rences de num\u00e9ro de s\u00e9rie FG\u2026","rel":"","context":"Similar post","block_context":{"text":"Similar post","link":""},"img":{"alt_text":"","src":"https:\/\/i0.wp.com\/unicompex.com\/wp-content\/uploads\/2024\/05\/10000-00051-INJECTOR-TRANSP.png?fit=1200%2C1200&ssl=1&resize=350%2C200","width":350,"height":200,"srcset":"https:\/\/i0.wp.com\/unicompex.com\/wp-content\/uploads\/2024\/05\/10000-00051-INJECTOR-TRANSP.png?fit=1200%2C1200&ssl=1&resize=350%2C200 1x, https:\/\/i0.wp.com\/unicompex.com\/wp-content\/uploads\/2024\/05\/10000-00051-INJECTOR-TRANSP.png?fit=1200%2C1200&ssl=1&resize=525%2C300 1.5x, https:\/\/i0.wp.com\/unicompex.com\/wp-content\/uploads\/2024\/05\/10000-00051-INJECTOR-TRANSP.png?fit=1200%2C1200&ssl=1&resize=700%2C400 2x, https:\/\/i0.wp.com\/unicompex.com\/wp-content\/uploads\/2024\/05\/10000-00051-INJECTOR-TRANSP.png?fit=1200%2C1200&ssl=1&resize=1050%2C600 3x"},"classes":[]},{"id":6920,"url":"https:\/\/unicompex.com\/en\/product\/10000-15330-thermostat-thermostat\/","url_meta":{"origin":6911,"position":4},"title":"10000-15330 Thermostat\/Thermostat","author":"K Emilio Noorani","date":"08\/05\/2024","format":false,"excerpt":"10000-15330 Thermostat\/Thermostat Disclaimer : Image is for illustration purposes only (part number can change). Contact us with your FG Wilson serial number references for more details. Avertissement : L'image est uniquement \u00e0 des fins d'illustration (le num\u00e9ro de pi\u00e8ce peut changer). Contactez-nous avec vos r\u00e9f\u00e9rences de num\u00e9ro de s\u00e9rie FG\u2026","rel":"","context":"Similar post","block_context":{"text":"Similar post","link":""},"img":{"alt_text":"","src":"https:\/\/i0.wp.com\/unicompex.com\/wp-content\/uploads\/2024\/05\/10000-15330-Thermostat.jpeg?fit=894%2C992&ssl=1&resize=350%2C200","width":350,"height":200,"srcset":"https:\/\/i0.wp.com\/unicompex.com\/wp-content\/uploads\/2024\/05\/10000-15330-Thermostat.jpeg?fit=894%2C992&ssl=1&resize=350%2C200 1x, https:\/\/i0.wp.com\/unicompex.com\/wp-content\/uploads\/2024\/05\/10000-15330-Thermostat.jpeg?fit=894%2C992&ssl=1&resize=525%2C300 1.5x, https:\/\/i0.wp.com\/unicompex.com\/wp-content\/uploads\/2024\/05\/10000-15330-Thermostat.jpeg?fit=894%2C992&ssl=1&resize=700%2C400 2x"},"classes":[]},{"id":6922,"url":"https:\/\/unicompex.com\/en\/product\/10000-17675-demarreur-starter\/","url_meta":{"origin":6911,"position":5},"title":"10000-17675 Starter","author":"K Emilio Noorani","date":"08\/05\/2024","format":false,"excerpt":"10000-17675 Demarreur\/Starter Disclaimer : Image is for illustration purposes only (part number can change). Contact us with your FG Wilson serial number references for more details. Avertissement : L'image est uniquement \u00e0 des fins d'illustration (le num\u00e9ro de pi\u00e8ce peut changer). Contactez-nous avec vos r\u00e9f\u00e9rences de num\u00e9ro de s\u00e9rie FG\u2026","rel":"","context":"Similar post","block_context":{"text":"Similar post","link":""},"img":{"alt_text":"","src":"https:\/\/i0.wp.com\/unicompex.com\/wp-content\/uploads\/2024\/05\/10000-17675-STARTERMOTOR-KIT-TRANSP.png?fit=1200%2C1200&ssl=1&resize=350%2C200","width":350,"height":200,"srcset":"https:\/\/i0.wp.com\/unicompex.com\/wp-content\/uploads\/2024\/05\/10000-17675-STARTERMOTOR-KIT-TRANSP.png?fit=1200%2C1200&ssl=1&resize=350%2C200 1x, https:\/\/i0.wp.com\/unicompex.com\/wp-content\/uploads\/2024\/05\/10000-17675-STARTERMOTOR-KIT-TRANSP.png?fit=1200%2C1200&ssl=1&resize=525%2C300 1.5x, https:\/\/i0.wp.com\/unicompex.com\/wp-content\/uploads\/2024\/05\/10000-17675-STARTERMOTOR-KIT-TRANSP.png?fit=1200%2C1200&ssl=1&resize=700%2C400 2x, https:\/\/i0.wp.com\/unicompex.com\/wp-content\/uploads\/2024\/05\/10000-17675-STARTERMOTOR-KIT-TRANSP.png?fit=1200%2C1200&ssl=1&resize=1050%2C600 3x"},"classes":[]}],"_links":{"self":[{"href":"https:\/\/unicompex.com\/en\/wp-json\/wp\/v2\/product\/6911","targetHints":{"allow":["GET"]}}],"collection":[{"href":"https:\/\/unicompex.com\/en\/wp-json\/wp\/v2\/product"}],"about":[{"href":"https:\/\/unicompex.com\/en\/wp-json\/wp\/v2\/types\/product"}],"wp:featuredmedia":[{"embeddable":true,"href":"https:\/\/unicompex.com\/en\/wp-json\/wp\/v2\/media\/7193"}],"wp:attachment":[{"href":"https:\/\/unicompex.com\/en\/wp-json\/wp\/v2\/media?parent=6911"}],"wp:term":[{"taxonomy":"product_brand","embeddable":true,"href":"https:\/\/unicompex.com\/en\/wp-json\/wp\/v2\/product_brand?post=6911"},{"taxonomy":"product_cat","embeddable":true,"href":"https:\/\/unicompex.com\/en\/wp-json\/wp\/v2\/product_cat?post=6911"},{"taxonomy":"product_tag","embeddable":true,"href":"https:\/\/unicompex.com\/en\/wp-json\/wp\/v2\/product_tag?post=6911"}],"curies":[{"name":"wp","href":"https:\/\/api.w.org\/{rel}","templated":true}]}}